{"id":2,"date":"2016-05-10T03:48:21","date_gmt":"2016-05-10T03:48:21","guid":{"rendered":"http:\/\/wp452m.a10-52-158-154.qa.plesk.ru\/wordpress\/?page_id=2"},"modified":"2019-04-01T11:03:07","modified_gmt":"2019-04-01T11:03:07","slug":"sample-page","status":"publish","type":"page","link":"https:\/\/abchange.at\/","title":{"rendered":"Home"},"content":{"rendered":"<h1>AB Change E-Mail Service Pro<\/h1>\n<p>AB-Change ist ein deutschsprachiger E-Mail-Dienst. Neben dem Webmail-Zugang ist der Abruf der E-Mails auch \u00fcber<br \/>\nPOP3 und IMAP4 m\u00f6glich.<\/p>\n<p>Das mittels modernster Technologie realisierte Funktionsangebot der browserbasierten Oberfl\u00e4che orientiert sich an einem zukunftsorientierten Mailprogrammen.<\/p>\n","protected":false},"excerpt":{"rendered":"<p>AB Change E-Mail Service Pro AB-Change ist ein deutschsprachiger E-Mail-Dienst. Neben dem Webmail-Zugang ist der Abruf der E-Mails auch \u00fcber POP3 und IMAP4 m\u00f6glich. Das mittels modernster Technologie realisierte Funktionsangebot der browserbasierten Oberfl\u00e4che orientiert sich an einem zukunftsorientierten Mailprogrammen.<\/p>\n","protected":false},"author":3,"featured_media":0,"parent":0,"menu_order":0,"comment_status":"closed","ping_status":"open","template":"","meta":{"footnotes":""},"class_list":["post-2","page","type-page","status-publish","czr-hentry"],"_links":{"self":[{"href":"https:\/\/abchange.at\/index.php?rest_route=\/wp\/v2\/pages\/2","targetHints":{"allow":["GET"]}}],"collection":[{"href":"https:\/\/abchange.at\/index.php?rest_route=\/wp\/v2\/pages"}],"about":[{"href":"https:\/\/abchange.at\/index.php?rest_route=\/wp\/v2\/types\/page"}],"author":[{"embeddable":true,"href":"https:\/\/abchange.at\/index.php?rest_route=\/wp\/v2\/users\/3"}],"replies":[{"embeddable":true,"href":"https:\/\/abchange.at\/index.php?rest_route=%2Fwp%2Fv2%2Fcomments&post=2"}],"version-history":[{"count":2,"href":"https:\/\/abchange.at\/index.php?rest_route=\/wp\/v2\/pages\/2\/revisions"}],"predecessor-version":[{"id":12,"href":"https:\/\/abchange.at\/index.php?rest_route=\/wp\/v2\/pages\/2\/revisions\/12"}],"wp:attachment":[{"href":"https:\/\/abchange.at\/index.php?rest_route=%2Fwp%2Fv2%2Fmedia&parent=2"}],"curies":[{"name":"wp","href":"https:\/\/api.w.org\/{rel}","templated":true}]}}