{"id":13,"date":"2016-06-27T16:34:05","date_gmt":"2016-06-27T16:34:05","guid":{"rendered":"http:\/\/abchange.at\/?page_id=13"},"modified":"2017-05-25T10:47:59","modified_gmt":"2017-05-25T10:47:59","slug":"info","status":"publish","type":"page","link":"https:\/\/abchange.at\/?page_id=13","title":{"rendered":"Info"},"content":{"rendered":"<h1><\/h1>\n<h1>AB Change Professional Mail<\/h1>\n<h3><em>Mehr als mailen.<\/em><\/h3>\n<p>0,5 GB Speicherplatz f\u00fcr E-Mails<br \/>\nWerbefreie Postfachoberfl\u00e4che<\/p>\n<p>Mailpower:<\/p>\n<ul>\n<li>Mit ProMail erwarten Sie viele neue Power Premium-Vorteile, die Sie von einem typischen Postfach nicht erwarten<br \/>\nw\u00fcrden.<\/li>\n<li>Hat ProMail Sie \u00fcberzeugt, genie\u00dfen Sie f\u00fcr nur 2,99 Euro pro Monat auch weiterhin alle Power Premium-Vorteile.<\/li>\n<li>Prof Mailserver zum Versenden und Empfangen von Mails. IMAP, POP3 und Exchange-Konten.<\/li>\n<li>Anzeige auch von TNEF-verschl\u00fcsselten Mails (winmail.dat) anzusehen und zu extrahieren.<\/li>\n<\/ul>\n<p>&nbsp;<\/p>\n<h3>AB Mail kann mehr:<\/h3>\n<p>Ihr Postfach biete Ihnen neben E-Mail viele weitere praktische Funktionen und tolle Extras!<\/p>\n<p>Briefpapier-Vorlagen.<br \/>\nE-Mail-Sammeldienst<br \/>\nFilterregeln zum automatischen Sortieren von E-Mails<br \/>\nEntdecken Sie diese sowie viele weitere Funktionen in Ihrem Postfach.<br \/>\nAuf Ihr Postfach k\u00f6nnen Sie \u00fcberall mit jedem Ger\u00e4t zugreifen \u2013 per Internet, \u00fcber POP3, sowie per Mail App f\u00fcr<br \/>\nAndroid, iOS oder Windows Phone.<\/p>\n<h3>IONCUBE<\/h3>\n<p>Was ist ionCube?<\/p>\n<p>Der ionCube ist ein propriet\u00e4rer PHP Encoder und damit ein Modul bzw. eine Bibliothek f\u00fcr gesch\u00fctzte Funktionen<br \/>\nin PHP-Anwendungen. ionCube wandelt den lesbaren Quellcode von PHP-Dateien in nicht mehr lesbaren Bytecode um<br \/>\nund erzielt dadurch eine h\u00f6here Performance. Hierzu m\u00fcssen sogenannte ionCube Loader installiert oder zum<br \/>\nben\u00f6tigten Zeitpunkt geladen werden.<\/p>\n<p>Diese Loader werden von ionCube kostenlos zur Verf\u00fcgung gestellt und stehen f\u00fcr fast alle Betriebssysteme zur<br \/>\nVerf\u00fcgung, unter anderem: Windows, Linux, FreeBSD, OS X, Solaris.<\/p>\n","protected":false},"excerpt":{"rendered":"<p>AB Change Professional Mail Mehr als mailen. 0,5 GB Speicherplatz f\u00fcr E-Mails Werbefreie Postfachoberfl\u00e4che Mailpower: Mit ProMail erwarten Sie viele neue Power Premium-Vorteile, die Sie von einem typischen Postfach nicht erwarten w\u00fcrden. Hat ProMail Sie \u00fcberzeugt, genie\u00dfen Sie f\u00fcr nur 2,99 Euro pro Monat auch weiterhin alle Power Premium-Vorteile. Prof Mailserver zum Versenden und Empfangen [&hellip;]<\/p>\n","protected":false},"author":3,"featured_media":0,"parent":0,"menu_order":0,"comment_status":"closed","ping_status":"closed","template":"","meta":{"footnotes":""},"class_list":["post-13","page","type-page","status-publish","czr-hentry"],"_links":{"self":[{"href":"https:\/\/abchange.at\/index.php?rest_route=\/wp\/v2\/pages\/13","targetHints":{"allow":["GET"]}}],"collection":[{"href":"https:\/\/abchange.at\/index.php?rest_route=\/wp\/v2\/pages"}],"about":[{"href":"https:\/\/abchange.at\/index.php?rest_route=\/wp\/v2\/types\/page"}],"author":[{"embeddable":true,"href":"https:\/\/abchange.at\/index.php?rest_route=\/wp\/v2\/users\/3"}],"replies":[{"embeddable":true,"href":"https:\/\/abchange.at\/index.php?rest_route=%2Fwp%2Fv2%2Fcomments&post=13"}],"version-history":[{"count":5,"href":"https:\/\/abchange.at\/index.php?rest_route=\/wp\/v2\/pages\/13\/revisions"}],"predecessor-version":[{"id":48,"href":"https:\/\/abchange.at\/index.php?rest_route=\/wp\/v2\/pages\/13\/revisions\/48"}],"wp:attachment":[{"href":"https:\/\/abchange.at\/index.php?rest_route=%2Fwp%2Fv2%2Fmedia&parent=13"}],"curies":[{"name":"wp","href":"https:\/\/api.w.org\/{rel}","templated":true}]}}